{"id":6,"date":"2025-12-26T10:51:07","date_gmt":"2025-12-26T10:51:07","guid":{"rendered":"https:\/\/ikerurrutiacoaching.rkinformatika.online\/?page_id=6"},"modified":"2025-12-26T15:45:34","modified_gmt":"2025-12-26T15:45:34","slug":"servicios","status":"publish","type":"page","link":"https:\/\/ikerurrutiacoaching.es\/eu\/servicios\/","title":{"rendered":"Zerbitzuak"},"content":{"rendered":"<div data-elementor-type=\"wp-page\" data-elementor-id=\"6\" class=\"elementor elementor-6\" data-elementor-post-type=\"page\">\n\t\t\t\t<div class=\"elementor-element elementor-element-90c1086 e-flex e-con-boxed e-con e-parent\" data-id=\"90c1086\" data-element_type=\"container\" data-e-type=\"container\" data-settings=\"{&quot;background_background&quot;:&quot;classic&quot;}\">\n\t\t\t\t\t<div class=\"e-con-inner\">\n\t\t<div class=\"elementor-element elementor-element-49cde44 e-con-full e-flex e-con e-child\" data-id=\"49cde44\" data-element_type=\"container\" data-e-type=\"container\">\n\t\t\t\t<\/div>\n\t\t\t\t\t<\/div>\n\t\t\t\t<\/div>\n\t\t<div class=\"elementor-element elementor-element-8b72092 e-flex e-con-boxed e-con e-parent\" data-id=\"8b72092\" data-element_type=\"container\" data-e-type=\"container\">\n\t\t\t\t\t<div class=\"e-con-inner\">\n\t\t<div class=\"elementor-element elementor-element-846cb5d e-con-full e-flex e-con e-child\" data-id=\"846cb5d\" data-element_type=\"container\" data-e-type=\"container\">\n\t\t\t\t<div class=\"elementor-element elementor-element-e5c71dd eael-dual-header-content-align-left e-transform elementor-widget elementor-widget-eael-dual-color-header\" data-id=\"e5c71dd\" data-element_type=\"widget\" data-e-type=\"widget\" data-settings=\"{&quot;_transform_skewX_effect&quot;:{&quot;unit&quot;:&quot;px&quot;,&quot;size&quot;:&quot;&quot;,&quot;sizes&quot;:[]},&quot;_transform_skewX_effect_tablet&quot;:{&quot;unit&quot;:&quot;deg&quot;,&quot;size&quot;:&quot;&quot;,&quot;sizes&quot;:[]},&quot;_transform_skewX_effect_mobile&quot;:{&quot;unit&quot;:&quot;deg&quot;,&quot;size&quot;:&quot;&quot;,&quot;sizes&quot;:[]},&quot;_transform_skewY_effect&quot;:{&quot;unit&quot;:&quot;px&quot;,&quot;size&quot;:&quot;&quot;,&quot;sizes&quot;:[]},&quot;_transform_skewY_effect_tablet&quot;:{&quot;unit&quot;:&quot;deg&quot;,&quot;size&quot;:&quot;&quot;,&quot;sizes&quot;:[]},&quot;_transform_skewY_effect_mobile&quot;:{&quot;unit&quot;:&quot;deg&quot;,&quot;size&quot;:&quot;&quot;,&quot;sizes&quot;:[]}}\" data-widget_type=\"eael-dual-color-header.default\">\n\t\t\t\t\t\t\t\t<div class=\"eael-dual-header\">\n\t\t\t\t<h1 class=\"title eael-dch-title\"><span class=\"eael-dch-title-text eael-dch-title-lead lead solid-color\">Gure<br><\/span> <span class=\"eael-dch-title-text\">Zerbitzuak<\/span><\/h1>\t\t\t<\/div>\n\n\t\t\t\t\t\t<\/div>\n\t\t\t\t<div class=\"elementor-element elementor-element-7039442 elementor-widget-divider--view-line_icon elementor-view-default elementor-widget-divider--element-align-center elementor-widget elementor-widget-divider\" data-id=\"7039442\" data-element_type=\"widget\" data-e-type=\"widget\" data-widget_type=\"divider.default\">\n\t\t\t\t\t\t\t<div class=\"elementor-divider\">\n\t\t\t<span class=\"elementor-divider-separator\">\n\t\t\t\t\t\t\t<div class=\"elementor-icon elementor-divider__element\">\n\t\t\t\t\t<svg aria-hidden=\"true\" class=\"e-font-icon-svg e-fas-user-tie\" viewbox=\"0 0 448 512\" xmlns=\"http:\/\/www.w3.org\/2000\/svg\"><path d=\"M224 256c70.7 0 128-57.3 128-128S294.7 0 224 0 96 57.3 96 128s57.3 128 128 128zm95.8 32.6L272 480l-32-136 32-56h-96l32 56-32 136-47.8-191.4C56.9 292 0 350.3 0 422.4V464c0 26.5 21.5 48 48 48h352c26.5 0 48-21.5 48-48v-41.6c0-72.1-56.9-130.4-128.2-133.8z\"><\/path><\/svg><\/div>\n\t\t\t\t\t\t<\/span>\n\t\t<\/div>\n\t\t\t\t\t\t<\/div>\n\t\t\t\t<div class=\"elementor-element elementor-element-ccd044b elementor-widget elementor-widget-text-editor\" data-id=\"ccd044b\" data-element_type=\"widget\" data-e-type=\"widget\" data-widget_type=\"text-editor.default\">\n\t\t\t\t\t\t\t\t\t<p>C\u00f3mo convertirse en l\u00edderes m\u00e1s sabios, m\u00e1s eficaces y con m\u00e1s prop\u00f3sito.<\/p>\t\t\t\t\t\t\t\t<\/div>\n\t\t\t\t<\/div>\n\t\t\t\t\t<\/div>\n\t\t\t\t<\/div>\n\t\t<div class=\"elementor-element elementor-element-de928cd e-grid e-con-boxed e-con e-parent\" data-id=\"de928cd\" data-element_type=\"container\" data-e-type=\"container\">\n\t\t\t\t\t<div class=\"e-con-inner\">\n\t\t\t\t<div class=\"elementor-element elementor-element-ba30c67 elementor-cta--skin-classic elementor-animated-content elementor-bg-transform elementor-bg-transform-zoom-in elementor-widget elementor-widget-call-to-action\" data-id=\"ba30c67\" data-element_type=\"widget\" data-e-type=\"widget\" data-widget_type=\"call-to-action.default\">\n\t\t\t\t\t\t\t<div class=\"elementor-cta\">\n\t\t\t\t\t<div class=\"elementor-cta__bg-wrapper\">\n\t\t\t\t<div class=\"elementor-cta__bg elementor-bg\" style=\"background-image: url(https:\/\/ikerurrutiacoaching.es\/wp-content\/uploads\/2025\/12\/Foto-principal-Iker-Urrutia-1024x684.jpg);\" role=\"img\" aria-label=\"Foto principal - Iker Urrutia\"><\/div>\n\t\t\t\t<div class=\"elementor-cta__bg-overlay\"><\/div>\n\t\t\t<\/div>\n\t\t\t\t\t\t\t<div class=\"elementor-cta__content\">\n\t\t\t\t\n\t\t\t\t\t\t\t\t\t<h2 class=\"elementor-cta__title elementor-cta__content-item elementor-content-item\">\n\t\t\t\t\t\tCoaching Ejecutivo\t\t\t\t\t<\/h2>\n\t\t\t\t\n\t\t\t\t\t\t\t\t\t<div class=\"elementor-cta__description elementor-cta__content-item elementor-content-item\">\n\t\t\t\t\t\tAcompa\u00f1amiento individualizado a l\u00edderes y ejecutivos, les ayudo a crecer, desarrollarse y conseguir sus objetivos.\t\t\t\t\t<\/div>\n\t\t\t\t\n\t\t\t\t\t\t\t<\/div>\n\t\t\t\t\t\t<\/div>\n\t\t\t\t\t\t<\/div>\n\t\t\t\t<div class=\"elementor-element elementor-element-56595e9 elementor-cta--skin-classic elementor-animated-content elementor-bg-transform elementor-bg-transform-zoom-in elementor-widget elementor-widget-call-to-action\" data-id=\"56595e9\" data-element_type=\"widget\" data-e-type=\"widget\" data-widget_type=\"call-to-action.default\">\n\t\t\t\t\t\t\t<div class=\"elementor-cta\">\n\t\t\t\t\t<div class=\"elementor-cta__bg-wrapper\">\n\t\t\t\t<div class=\"elementor-cta__bg elementor-bg\" style=\"background-image: url(https:\/\/ikerurrutiacoaching.es\/wp-content\/uploads\/2025\/12\/122822.jpg);\" role=\"img\" aria-label=\"122822\"><\/div>\n\t\t\t\t<div class=\"elementor-cta__bg-overlay\"><\/div>\n\t\t\t<\/div>\n\t\t\t\t\t\t\t<div class=\"elementor-cta__content\">\n\t\t\t\t\n\t\t\t\t\t\t\t\t\t<h2 class=\"elementor-cta__title elementor-cta__content-item elementor-content-item\">\n\t\t\t\t\t\tFormaci\u00f3n en habilidades directivas\t\t\t\t\t<\/h2>\n\t\t\t\t\n\t\t\t\t\t\t\t\t\t<div class=\"elementor-cta__description elementor-cta__content-item elementor-content-item\">\n\t\t\t\t\t\tCursos de formaci\u00f3n en liderazgo, gesti\u00f3n de equipos, comunicaci\u00f3n, gesti\u00f3n emocional, etc. Tambi\u00e9n dise\u00f1o formaciones ad hoc para mis clientes.\t\t\t\t\t<\/div>\n\t\t\t\t\n\t\t\t\t\t\t\t<\/div>\n\t\t\t\t\t\t<\/div>\n\t\t\t\t\t\t<\/div>\n\t\t\t\t<div class=\"elementor-element elementor-element-0eeb438 elementor-cta--skin-classic elementor-animated-content elementor-bg-transform elementor-bg-transform-zoom-in elementor-widget elementor-widget-call-to-action\" data-id=\"0eeb438\" data-element_type=\"widget\" data-e-type=\"widget\" data-widget_type=\"call-to-action.default\">\n\t\t\t\t\t\t\t<div class=\"elementor-cta\">\n\t\t\t\t\t<div class=\"elementor-cta__bg-wrapper\">\n\t\t\t\t<div class=\"elementor-cta__bg elementor-bg\" style=\"background-image: url(https:\/\/ikerurrutiacoaching.es\/wp-content\/uploads\/2025\/12\/137231.jpg);\" role=\"img\" aria-label=\"137231\"><\/div>\n\t\t\t\t<div class=\"elementor-cta__bg-overlay\"><\/div>\n\t\t\t<\/div>\n\t\t\t\t\t\t\t<div class=\"elementor-cta__content\">\n\t\t\t\t\n\t\t\t\t\t\t\t\t\t<h2 class=\"elementor-cta__title elementor-cta__content-item elementor-content-item\">\n\t\t\t\t\t\tConsultor\u00eda de RRHH\t\t\t\t\t<\/h2>\n\t\t\t\t\n\t\t\t\t\t\t\t\t\t<div class=\"elementor-cta__description elementor-cta__content-item elementor-content-item\">\n\t\t\t\t\t\tAcompa\u00f1o a las empresas a mejorar sus procesos de RRHH.\t\t\t\t\t<\/div>\n\t\t\t\t\n\t\t\t\t\t\t\t<\/div>\n\t\t\t\t\t\t<\/div>\n\t\t\t\t\t\t<\/div>\n\t\t\t\t\t<\/div>\n\t\t\t\t<\/div>\n\t\t<div class=\"elementor-element elementor-element-f086dba e-flex e-con-boxed e-con e-parent\" data-id=\"f086dba\" data-element_type=\"container\" data-e-type=\"container\" data-settings=\"{&quot;background_background&quot;:&quot;classic&quot;}\">\n\t\t\t\t\t<div class=\"e-con-inner\">\n\t\t\t\t<div class=\"elementor-element elementor-element-1a695d8 elementor-invisible elementor-widget elementor-widget-heading\" data-id=\"1a695d8\" data-element_type=\"widget\" data-e-type=\"widget\" data-settings=\"{&quot;_animation&quot;:&quot;fadeInDown&quot;}\" data-widget_type=\"heading.default\">\n\t\t\t\t\t<h2 class=\"elementor-heading-title elementor-size-default\">\u00a1Lidera con claridad, comunica mejor y consigue resultados sostenibles!<\/h2>\t\t\t\t<\/div>\n\t\t\t\t<div class=\"elementor-element elementor-element-ce60ce4 elementor-invisible elementor-widget elementor-widget-button\" data-id=\"ce60ce4\" data-element_type=\"widget\" data-e-type=\"widget\" data-settings=\"{&quot;_animation&quot;:&quot;fadeInDown&quot;}\" data-widget_type=\"button.default\">\n\t\t\t\t\t\t\t\t\t\t<a class=\"elementor-button elementor-button-link elementor-size-sm elementor-animation-float\" href=\"\/eu\/contacto\/\">\n\t\t\t\t\t\t<span class=\"elementor-button-content-wrapper\">\n\t\t\t\t\t\t\t\t\t<span class=\"elementor-button-text\">Cont\u00e1ctanos<\/span>\n\t\t\t\t\t<\/span>\n\t\t\t\t\t<\/a>\n\t\t\t\t\t\t\t\t<\/div>\n\t\t\t\t\t<\/div>\n\t\t\t\t<\/div>\n\t\t<div class=\"elementor-element elementor-element-5d23990 e-flex e-con-boxed e-con e-parent\" data-id=\"5d23990\" data-element_type=\"container\" data-e-type=\"container\">\n\t\t\t\t\t<div class=\"e-con-inner\">\n\t\t<div class=\"elementor-element elementor-element-6bf8686 e-con-full e-flex e-con e-child\" data-id=\"6bf8686\" data-element_type=\"container\" data-e-type=\"container\">\n\t\t\t\t<div class=\"elementor-element elementor-element-5d5b90d eael-dual-header-content-align-left e-transform elementor-widget elementor-widget-eael-dual-color-header\" data-id=\"5d5b90d\" data-element_type=\"widget\" data-e-type=\"widget\" data-settings=\"{&quot;_transform_skewX_effect&quot;:{&quot;unit&quot;:&quot;px&quot;,&quot;size&quot;:&quot;&quot;,&quot;sizes&quot;:[]},&quot;_transform_skewX_effect_tablet&quot;:{&quot;unit&quot;:&quot;deg&quot;,&quot;size&quot;:&quot;&quot;,&quot;sizes&quot;:[]},&quot;_transform_skewX_effect_mobile&quot;:{&quot;unit&quot;:&quot;deg&quot;,&quot;size&quot;:&quot;&quot;,&quot;sizes&quot;:[]},&quot;_transform_skewY_effect&quot;:{&quot;unit&quot;:&quot;px&quot;,&quot;size&quot;:&quot;&quot;,&quot;sizes&quot;:[]},&quot;_transform_skewY_effect_tablet&quot;:{&quot;unit&quot;:&quot;deg&quot;,&quot;size&quot;:&quot;&quot;,&quot;sizes&quot;:[]},&quot;_transform_skewY_effect_mobile&quot;:{&quot;unit&quot;:&quot;deg&quot;,&quot;size&quot;:&quot;&quot;,&quot;sizes&quot;:[]}}\" data-widget_type=\"eael-dual-color-header.default\">\n\t\t\t\t\t\t\t\t<div class=\"eael-dual-header\">\n\t\t\t\t<h1 class=\"title eael-dch-title\"><span class=\"eael-dch-title-text eael-dch-title-lead lead solid-color\">Confianza<br><\/span> <span class=\"eael-dch-title-text\">profesional<\/span><\/h1>\t\t\t<\/div>\n\n\t\t\t\t\t\t<\/div>\n\t\t\t\t<div class=\"elementor-element elementor-element-597784d elementor-widget-divider--view-line_icon elementor-view-default elementor-widget-divider--element-align-center elementor-widget elementor-widget-divider\" data-id=\"597784d\" data-element_type=\"widget\" data-e-type=\"widget\" data-widget_type=\"divider.default\">\n\t\t\t\t\t\t\t<div class=\"elementor-divider\">\n\t\t\t<span class=\"elementor-divider-separator\">\n\t\t\t\t\t\t\t<div class=\"elementor-icon elementor-divider__element\">\n\t\t\t\t\t<svg aria-hidden=\"true\" class=\"e-font-icon-svg e-fas-user-tie\" viewbox=\"0 0 448 512\" xmlns=\"http:\/\/www.w3.org\/2000\/svg\"><path d=\"M224 256c70.7 0 128-57.3 128-128S294.7 0 224 0 96 57.3 96 128s57.3 128 128 128zm95.8 32.6L272 480l-32-136 32-56h-96l32 56-32 136-47.8-191.4C56.9 292 0 350.3 0 422.4V464c0 26.5 21.5 48 48 48h352c26.5 0 48-21.5 48-48v-41.6c0-72.1-56.9-130.4-128.2-133.8z\"><\/path><\/svg><\/div>\n\t\t\t\t\t\t<\/span>\n\t\t<\/div>\n\t\t\t\t\t\t<\/div>\n\t\t\t\t<div class=\"elementor-element elementor-element-a385394 elementor-widget elementor-widget-text-editor\" data-id=\"a385394\" data-element_type=\"widget\" data-e-type=\"widget\" data-widget_type=\"text-editor.default\">\n\t\t\t\t\t\t\t\t\t<p>Entrenamiento y acompa\u00f1amiento para liderar mejor y trabajar mejor. Del aprendizaje a la acci\u00f3n: desarrollo profesional con m\u00e9todo.<\/p>\t\t\t\t\t\t\t\t<\/div>\n\t\t\t\t<\/div>\n\t\t<div class=\"elementor-element elementor-element-11d85fd e-con-full e-flex e-con e-child\" data-id=\"11d85fd\" data-element_type=\"container\" data-e-type=\"container\">\n\t\t\t\t<div class=\"elementor-element elementor-element-44980dc elementor-widget elementor-widget-image\" data-id=\"44980dc\" data-element_type=\"widget\" data-e-type=\"widget\" data-widget_type=\"image.default\">\n\t\t\t\t\t\t\t\t\t\t\t\t\t\t\t<img fetchpriority=\"high\" decoding=\"async\" width=\"800\" height=\"534\" src=\"https:\/\/ikerurrutiacoaching.es\/wp-content\/uploads\/2025\/12\/601.jpg\" class=\"attachment-large size-large wp-image-279\" alt=\"\" srcset=\"https:\/\/ikerurrutiacoaching.es\/wp-content\/uploads\/2025\/12\/601.jpg 1000w, https:\/\/ikerurrutiacoaching.es\/wp-content\/uploads\/2025\/12\/601-300x200.jpg 300w, https:\/\/ikerurrutiacoaching.es\/wp-content\/uploads\/2025\/12\/601-768x512.jpg 768w, https:\/\/ikerurrutiacoaching.es\/wp-content\/uploads\/2025\/12\/601-18x12.jpg 18w\" sizes=\"(max-width: 800px) 100vw, 800px\" \/>\t\t\t\t\t\t\t\t\t\t\t\t\t\t\t<\/div>\n\t\t\t\t<\/div>\n\t\t\t\t\t<\/div>\n\t\t\t\t<\/div>\n\t\t\t\t<\/div>","protected":false},"excerpt":{"rendered":"<p>Nuestro Servicios C\u00f3mo convertirse en l\u00edderes m\u00e1s sabios, m\u00e1s eficaces y con m\u00e1s prop\u00f3sito. Coaching Ejecutivo Acompa\u00f1amiento individualizado a l\u00edderes y ejecutivos, les ayudo a crecer, desarrollarse y conseguir sus objetivos. Formaci\u00f3n en habilidades directivas Cursos de formaci\u00f3n en liderazgo, gesti\u00f3n de equipos, comunicaci\u00f3n, gesti\u00f3n emocional, etc. Tambi\u00e9n dise\u00f1o formaciones ad hoc para mis clientes. [&hellip;]<\/p>\n","protected":false},"author":1,"featured_media":0,"parent":0,"menu_order":0,"comment_status":"closed","ping_status":"closed","template":"elementor_canvas","meta":{"footnotes":""},"class_list":["post-6","page","type-page","status-publish","hentry"],"yoast_head":"<!-- This site is optimized with the Yoast SEO plugin v27.3 - https:\/\/yoast.com\/product\/yoast-seo-wordpress\/ -->\n<title>Servicios - Iker Urrutia Coaching<\/title>\n<meta name=\"robots\" content=\"index, follow, max-snippet:-1, max-image-preview:large, max-video-preview:-1\" \/>\n<link rel=\"canonical\" href=\"https:\/\/ikerurrutiacoaching.es\/eu\/servicios\/\" \/>\n<meta property=\"og:locale\" content=\"en_US\" \/>\n<meta property=\"og:type\" content=\"article\" \/>\n<meta property=\"og:title\" content=\"Servicios - Iker Urrutia Coaching\" \/>\n<meta property=\"og:description\" content=\"Nuestro Servicios C\u00f3mo convertirse en l\u00edderes m\u00e1s sabios, m\u00e1s eficaces y con m\u00e1s prop\u00f3sito. Coaching Ejecutivo Acompa\u00f1amiento individualizado a l\u00edderes y ejecutivos, les ayudo a crecer, desarrollarse y conseguir sus objetivos. Formaci\u00f3n en habilidades directivas Cursos de formaci\u00f3n en liderazgo, gesti\u00f3n de equipos, comunicaci\u00f3n, gesti\u00f3n emocional, etc. Tambi\u00e9n dise\u00f1o formaciones ad hoc para mis clientes. [&hellip;]\" \/>\n<meta property=\"og:url\" content=\"https:\/\/ikerurrutiacoaching.es\/eu\/servicios\/\" \/>\n<meta property=\"og:site_name\" content=\"Iker Urrutia Coaching\" \/>\n<meta property=\"article:modified_time\" content=\"2025-12-26T15:45:34+00:00\" \/>\n<meta property=\"og:image\" content=\"https:\/\/ikerurrutiacoaching.es\/wp-content\/uploads\/2025\/12\/601.jpg\" \/>\n<meta name=\"twitter:card\" content=\"summary_large_image\" \/>\n<meta name=\"twitter:label1\" content=\"Est. reading time\" \/>\n\t<meta name=\"twitter:data1\" content=\"1 minutua\" \/>\n<script type=\"application\/ld+json\" class=\"yoast-schema-graph\">{\"@context\":\"https:\\\/\\\/schema.org\",\"@graph\":[{\"@type\":\"WebPage\",\"@id\":\"https:\\\/\\\/ikerurrutiacoaching.es\\\/servicios\\\/\",\"url\":\"https:\\\/\\\/ikerurrutiacoaching.es\\\/servicios\\\/\",\"name\":\"Servicios - Iker Urrutia Coaching\",\"isPartOf\":{\"@id\":\"https:\\\/\\\/ikerurrutiacoaching.es\\\/#website\"},\"primaryImageOfPage\":{\"@id\":\"https:\\\/\\\/ikerurrutiacoaching.es\\\/servicios\\\/#primaryimage\"},\"image\":{\"@id\":\"https:\\\/\\\/ikerurrutiacoaching.es\\\/servicios\\\/#primaryimage\"},\"thumbnailUrl\":\"https:\\\/\\\/ikerurrutiacoaching.es\\\/wp-content\\\/uploads\\\/2025\\\/12\\\/601.jpg\",\"datePublished\":\"2025-12-26T10:51:07+00:00\",\"dateModified\":\"2025-12-26T15:45:34+00:00\",\"breadcrumb\":{\"@id\":\"https:\\\/\\\/ikerurrutiacoaching.es\\\/servicios\\\/#breadcrumb\"},\"inLanguage\":\"eu\",\"potentialAction\":[{\"@type\":\"ReadAction\",\"target\":[\"https:\\\/\\\/ikerurrutiacoaching.es\\\/servicios\\\/\"]}]},{\"@type\":\"ImageObject\",\"inLanguage\":\"eu\",\"@id\":\"https:\\\/\\\/ikerurrutiacoaching.es\\\/servicios\\\/#primaryimage\",\"url\":\"https:\\\/\\\/ikerurrutiacoaching.es\\\/wp-content\\\/uploads\\\/2025\\\/12\\\/601.jpg\",\"contentUrl\":\"https:\\\/\\\/ikerurrutiacoaching.es\\\/wp-content\\\/uploads\\\/2025\\\/12\\\/601.jpg\"},{\"@type\":\"BreadcrumbList\",\"@id\":\"https:\\\/\\\/ikerurrutiacoaching.es\\\/servicios\\\/#breadcrumb\",\"itemListElement\":[{\"@type\":\"ListItem\",\"position\":1,\"name\":\"Portada\",\"item\":\"https:\\\/\\\/ikerurrutiacoaching.es\\\/\"},{\"@type\":\"ListItem\",\"position\":2,\"name\":\"Servicios\"}]},{\"@type\":\"WebSite\",\"@id\":\"https:\\\/\\\/ikerurrutiacoaching.es\\\/#website\",\"url\":\"https:\\\/\\\/ikerurrutiacoaching.es\\\/\",\"name\":\"Iker Urrutia Coaching\",\"description\":\"Iker Urrutia Coaching\",\"publisher\":{\"@id\":\"https:\\\/\\\/ikerurrutiacoaching.es\\\/#organization\"},\"potentialAction\":[{\"@type\":\"SearchAction\",\"target\":{\"@type\":\"EntryPoint\",\"urlTemplate\":\"https:\\\/\\\/ikerurrutiacoaching.es\\\/?s={search_term_string}\"},\"query-input\":{\"@type\":\"PropertyValueSpecification\",\"valueRequired\":true,\"valueName\":\"search_term_string\"}}],\"inLanguage\":\"eu\"},{\"@type\":\"Organization\",\"@id\":\"https:\\\/\\\/ikerurrutiacoaching.es\\\/#organization\",\"name\":\"Iker Urrutia Coaching\",\"url\":\"https:\\\/\\\/ikerurrutiacoaching.es\\\/\",\"logo\":{\"@type\":\"ImageObject\",\"inLanguage\":\"eu\",\"@id\":\"https:\\\/\\\/ikerurrutiacoaching.es\\\/#\\\/schema\\\/logo\\\/image\\\/\",\"url\":\"https:\\\/\\\/ikerurrutiacoaching.es\\\/wp-content\\\/uploads\\\/2025\\\/12\\\/logo_web.png\",\"contentUrl\":\"https:\\\/\\\/ikerurrutiacoaching.es\\\/wp-content\\\/uploads\\\/2025\\\/12\\\/logo_web.png\",\"width\":1080,\"height\":560,\"caption\":\"Iker Urrutia Coaching\"},\"image\":{\"@id\":\"https:\\\/\\\/ikerurrutiacoaching.es\\\/#\\\/schema\\\/logo\\\/image\\\/\"}}]}<\/script>\n<!-- \/ Yoast SEO plugin. -->","yoast_head_json":{"title":"Servicios - Iker Urrutia Coaching","robots":{"index":"index","follow":"follow","max-snippet":"max-snippet:-1","max-image-preview":"max-image-preview:large","max-video-preview":"max-video-preview:-1"},"canonical":"https:\/\/ikerurrutiacoaching.es\/eu\/servicios\/","og_locale":"en_US","og_type":"article","og_title":"Servicios - Iker Urrutia Coaching","og_description":"Nuestro Servicios C\u00f3mo convertirse en l\u00edderes m\u00e1s sabios, m\u00e1s eficaces y con m\u00e1s prop\u00f3sito. Coaching Ejecutivo Acompa\u00f1amiento individualizado a l\u00edderes y ejecutivos, les ayudo a crecer, desarrollarse y conseguir sus objetivos. Formaci\u00f3n en habilidades directivas Cursos de formaci\u00f3n en liderazgo, gesti\u00f3n de equipos, comunicaci\u00f3n, gesti\u00f3n emocional, etc. Tambi\u00e9n dise\u00f1o formaciones ad hoc para mis clientes. [&hellip;]","og_url":"https:\/\/ikerurrutiacoaching.es\/eu\/servicios\/","og_site_name":"Iker Urrutia Coaching","article_modified_time":"2025-12-26T15:45:34+00:00","og_image":[{"url":"https:\/\/ikerurrutiacoaching.es\/wp-content\/uploads\/2025\/12\/601.jpg","type":"","width":"","height":""}],"twitter_card":"summary_large_image","twitter_misc":{"Est. reading time":"1 minutua"},"schema":{"@context":"https:\/\/schema.org","@graph":[{"@type":"WebPage","@id":"https:\/\/ikerurrutiacoaching.es\/servicios\/","url":"https:\/\/ikerurrutiacoaching.es\/servicios\/","name":"Servicios - Iker Urrutia Coaching","isPartOf":{"@id":"https:\/\/ikerurrutiacoaching.es\/#website"},"primaryImageOfPage":{"@id":"https:\/\/ikerurrutiacoaching.es\/servicios\/#primaryimage"},"image":{"@id":"https:\/\/ikerurrutiacoaching.es\/servicios\/#primaryimage"},"thumbnailUrl":"https:\/\/ikerurrutiacoaching.es\/wp-content\/uploads\/2025\/12\/601.jpg","datePublished":"2025-12-26T10:51:07+00:00","dateModified":"2025-12-26T15:45:34+00:00","breadcrumb":{"@id":"https:\/\/ikerurrutiacoaching.es\/servicios\/#breadcrumb"},"inLanguage":"eu","potentialAction":[{"@type":"ReadAction","target":["https:\/\/ikerurrutiacoaching.es\/servicios\/"]}]},{"@type":"ImageObject","inLanguage":"eu","@id":"https:\/\/ikerurrutiacoaching.es\/servicios\/#primaryimage","url":"https:\/\/ikerurrutiacoaching.es\/wp-content\/uploads\/2025\/12\/601.jpg","contentUrl":"https:\/\/ikerurrutiacoaching.es\/wp-content\/uploads\/2025\/12\/601.jpg"},{"@type":"BreadcrumbList","@id":"https:\/\/ikerurrutiacoaching.es\/servicios\/#breadcrumb","itemListElement":[{"@type":"ListItem","position":1,"name":"Portada","item":"https:\/\/ikerurrutiacoaching.es\/"},{"@type":"ListItem","position":2,"name":"Servicios"}]},{"@type":"WebSite","@id":"https:\/\/ikerurrutiacoaching.es\/#website","url":"https:\/\/ikerurrutiacoaching.es\/","name":"Iker Urrutia Coaching","description":"Iker Urrutia Coaching","publisher":{"@id":"https:\/\/ikerurrutiacoaching.es\/#organization"},"potentialAction":[{"@type":"SearchAction","target":{"@type":"EntryPoint","urlTemplate":"https:\/\/ikerurrutiacoaching.es\/?s={search_term_string}"},"query-input":{"@type":"PropertyValueSpecification","valueRequired":true,"valueName":"search_term_string"}}],"inLanguage":"eu"},{"@type":"Organization","@id":"https:\/\/ikerurrutiacoaching.es\/#organization","name":"Iker Urrutia Coaching","url":"https:\/\/ikerurrutiacoaching.es\/","logo":{"@type":"ImageObject","inLanguage":"eu","@id":"https:\/\/ikerurrutiacoaching.es\/#\/schema\/logo\/image\/","url":"https:\/\/ikerurrutiacoaching.es\/wp-content\/uploads\/2025\/12\/logo_web.png","contentUrl":"https:\/\/ikerurrutiacoaching.es\/wp-content\/uploads\/2025\/12\/logo_web.png","width":1080,"height":560,"caption":"Iker Urrutia Coaching"},"image":{"@id":"https:\/\/ikerurrutiacoaching.es\/#\/schema\/logo\/image\/"}}]}},"_links":{"self":[{"href":"https:\/\/ikerurrutiacoaching.es\/eu\/wp-json\/wp\/v2\/pages\/6","targetHints":{"allow":["GET"]}}],"collection":[{"href":"https:\/\/ikerurrutiacoaching.es\/eu\/wp-json\/wp\/v2\/pages"}],"about":[{"href":"https:\/\/ikerurrutiacoaching.es\/eu\/wp-json\/wp\/v2\/types\/page"}],"author":[{"embeddable":true,"href":"https:\/\/ikerurrutiacoaching.es\/eu\/wp-json\/wp\/v2\/users\/1"}],"replies":[{"embeddable":true,"href":"https:\/\/ikerurrutiacoaching.es\/eu\/wp-json\/wp\/v2\/comments?post=6"}],"version-history":[{"count":67,"href":"https:\/\/ikerurrutiacoaching.es\/eu\/wp-json\/wp\/v2\/pages\/6\/revisions"}],"predecessor-version":[{"id":411,"href":"https:\/\/ikerurrutiacoaching.es\/eu\/wp-json\/wp\/v2\/pages\/6\/revisions\/411"}],"wp:attachment":[{"href":"https:\/\/ikerurrutiacoaching.es\/eu\/wp-json\/wp\/v2\/media?parent=6"}],"curies":[{"name":"wp","href":"https:\/\/api.w.org\/{rel}","templated":true}]}}