{"id":2,"date":"2025-12-26T10:35:11","date_gmt":"2025-12-26T10:35:11","guid":{"rendered":"https:\/\/ikerurrutiacoaching.rkinformatika.online\/?page_id=2"},"modified":"2025-12-26T14:51:59","modified_gmt":"2025-12-26T14:51:59","slug":"inicio","status":"publish","type":"page","link":"https:\/\/ikerurrutiacoaching.es\/eu\/","title":{"rendered":"Hasiera"},"content":{"rendered":"<div data-elementor-type=\"wp-page\" data-elementor-id=\"2\" class=\"elementor elementor-2\" data-elementor-post-type=\"page\">\n\t\t\t\t<div class=\"elementor-element elementor-element-297ec5f e-flex e-con-boxed e-con e-parent\" data-id=\"297ec5f\" data-element_type=\"container\" data-e-type=\"container\" data-settings=\"{&quot;background_background&quot;:&quot;classic&quot;}\">\n\t\t\t\t\t<div class=\"e-con-inner\">\n\t\t<div class=\"elementor-element elementor-element-da0ad79 e-con-full e-flex e-con e-child\" data-id=\"da0ad79\" data-element_type=\"container\" data-e-type=\"container\">\n\t\t\t\t<div class=\"elementor-element elementor-element-9e25ce1 elementor-widget-divider--view-line_text elementor-widget-divider--element-align-left elementor-widget elementor-widget-divider\" data-id=\"9e25ce1\" data-element_type=\"widget\" data-e-type=\"widget\" data-widget_type=\"divider.default\">\n\t\t\t\t\t\t\t<div class=\"elementor-divider\">\n\t\t\t<span class=\"elementor-divider-separator\">\n\t\t\t\t\t\t\t<span class=\"elementor-divider__text elementor-divider__element\">\n\t\t\t\tIker Urrutia\t\t\t\t<\/span>\n\t\t\t\t\t\t<\/span>\n\t\t<\/div>\n\t\t\t\t\t\t<\/div>\n\t\t\t\t<div class=\"elementor-element elementor-element-dd7631d elementor-widget elementor-widget-heading\" data-id=\"dd7631d\" data-element_type=\"widget\" data-e-type=\"widget\" data-widget_type=\"heading.default\">\n\t\t\t\t\t<h2 class=\"elementor-heading-title elementor-size-default\">Coaching, prestakuntza eta aholkularitza Giza Baliabideetan<\/h2>\t\t\t\t<\/div>\n\t\t\t\t<div class=\"elementor-element elementor-element-4cbfca7 elementor-widget elementor-widget-heading\" data-id=\"4cbfca7\" data-element_type=\"widget\" data-e-type=\"widget\" data-widget_type=\"heading.default\">\n\t\t\t\t\t<h2 class=\"elementor-heading-title elementor-size-default\">Liderrei hazten laguntzen diet, jakintsuago, eraginkorrago eta asmo handiagoz bihurtzen.<\/h2>\t\t\t\t<\/div>\n\t\t\t\t<\/div>\n\t\t\t\t\t<\/div>\n\t\t\t\t<\/div>\n\t\t<div class=\"elementor-element elementor-element-e38e25e e-flex e-con-boxed e-con e-parent\" data-id=\"e38e25e\" data-element_type=\"container\" data-e-type=\"container\">\n\t\t\t\t\t<div class=\"e-con-inner\">\n\t\t<div class=\"elementor-element elementor-element-ee785bd e-con-full e-flex e-con e-child\" data-id=\"ee785bd\" data-element_type=\"container\" data-e-type=\"container\">\n\t\t\t\t<div class=\"elementor-element elementor-element-82d4631 elementor-widget elementor-widget-image\" data-id=\"82d4631\" data-element_type=\"widget\" data-e-type=\"widget\" data-widget_type=\"image.default\">\n\t\t\t\t\t\t\t\t\t\t\t\t\t\t\t<img fetchpriority=\"high\" decoding=\"async\" width=\"1709\" height=\"2560\" src=\"https:\/\/ikerurrutiacoaching.es\/wp-content\/uploads\/2025\/12\/Foto-About-Iker-Urrutia-scaled.jpg\" class=\"attachment-full size-full wp-image-125\" alt=\"\" srcset=\"https:\/\/ikerurrutiacoaching.es\/wp-content\/uploads\/2025\/12\/Foto-About-Iker-Urrutia-scaled.jpg 1709w, https:\/\/ikerurrutiacoaching.es\/wp-content\/uploads\/2025\/12\/Foto-About-Iker-Urrutia-200x300.jpg 200w, https:\/\/ikerurrutiacoaching.es\/wp-content\/uploads\/2025\/12\/Foto-About-Iker-Urrutia-684x1024.jpg 684w, https:\/\/ikerurrutiacoaching.es\/wp-content\/uploads\/2025\/12\/Foto-About-Iker-Urrutia-768x1150.jpg 768w, https:\/\/ikerurrutiacoaching.es\/wp-content\/uploads\/2025\/12\/Foto-About-Iker-Urrutia-1025x1536.jpg 1025w, https:\/\/ikerurrutiacoaching.es\/wp-content\/uploads\/2025\/12\/Foto-About-Iker-Urrutia-1367x2048.jpg 1367w, https:\/\/ikerurrutiacoaching.es\/wp-content\/uploads\/2025\/12\/Foto-About-Iker-Urrutia-8x12.jpg 8w\" sizes=\"(max-width: 1709px) 100vw, 1709px\" \/>\t\t\t\t\t\t\t\t\t\t\t\t\t\t\t<\/div>\n\t\t\t\t<\/div>\n\t\t<div class=\"elementor-element elementor-element-986929e e-con-full e-flex e-con e-child\" data-id=\"986929e\" data-element_type=\"container\" data-e-type=\"container\">\n\t\t\t\t<div class=\"elementor-element elementor-element-5bc72e8 eael-dual-header-content-align-left e-transform elementor-widget elementor-widget-eael-dual-color-header\" data-id=\"5bc72e8\" data-element_type=\"widget\" data-e-type=\"widget\" data-settings=\"{&quot;_transform_skewX_effect&quot;:{&quot;unit&quot;:&quot;px&quot;,&quot;size&quot;:&quot;&quot;,&quot;sizes&quot;:[]},&quot;_transform_skewX_effect_tablet&quot;:{&quot;unit&quot;:&quot;deg&quot;,&quot;size&quot;:&quot;&quot;,&quot;sizes&quot;:[]},&quot;_transform_skewX_effect_mobile&quot;:{&quot;unit&quot;:&quot;deg&quot;,&quot;size&quot;:&quot;&quot;,&quot;sizes&quot;:[]},&quot;_transform_skewY_effect&quot;:{&quot;unit&quot;:&quot;px&quot;,&quot;size&quot;:&quot;&quot;,&quot;sizes&quot;:[]},&quot;_transform_skewY_effect_tablet&quot;:{&quot;unit&quot;:&quot;deg&quot;,&quot;size&quot;:&quot;&quot;,&quot;sizes&quot;:[]},&quot;_transform_skewY_effect_mobile&quot;:{&quot;unit&quot;:&quot;deg&quot;,&quot;size&quot;:&quot;&quot;,&quot;sizes&quot;:[]}}\" data-widget_type=\"eael-dual-color-header.default\">\n\t\t\t\t\t\t\t\t<div class=\"eael-dual-header\">\n\t\t\t\t<h1 class=\"title eael-dch-title\"><span class=\"eael-dch-title-text eael-dch-title-lead lead solid-color\">Iker<\/span> <span class=\"eael-dch-title-text\">Urrutia<\/span><\/h1>\t\t\t<\/div>\n\n\t\t\t\t\t\t<\/div>\n\t\t\t\t<div class=\"elementor-element elementor-element-f0d8fdd elementor-widget elementor-widget-counter\" data-id=\"f0d8fdd\" data-element_type=\"widget\" data-e-type=\"widget\" data-widget_type=\"counter.default\">\n\t\t\t\t\t\t\t<div class=\"elementor-counter\">\n\t\t\t\t\t\t<div class=\"elementor-counter-number-wrapper\">\n\t\t\t\t<span class=\"elementor-counter-number-prefix\">+<\/span>\n\t\t\t\t<span class=\"elementor-counter-number\" data-duration=\"2000\" data-to-value=\"20\" data-from-value=\"0\" data-delimiter=\" \">0<\/span>\n\t\t\t\t<span class=\"elementor-counter-number-suffix\"> urte<\/span>\n\t\t\t<\/div>\n\t\t<\/div>\n\t\t\t\t\t\t<\/div>\n\t\t\t\t<div class=\"elementor-element elementor-element-a855755 elementor-widget-divider--view-line_icon elementor-view-default elementor-widget-divider--element-align-center elementor-widget elementor-widget-divider\" data-id=\"a855755\" data-element_type=\"widget\" data-e-type=\"widget\" data-widget_type=\"divider.default\">\n\t\t\t\t\t\t\t<div class=\"elementor-divider\">\n\t\t\t<span class=\"elementor-divider-separator\">\n\t\t\t\t\t\t\t<div class=\"elementor-icon elementor-divider__element\">\n\t\t\t\t\t<svg aria-hidden=\"true\" class=\"e-font-icon-svg e-fas-user-tie\" viewbox=\"0 0 448 512\" xmlns=\"http:\/\/www.w3.org\/2000\/svg\"><path d=\"M224 256c70.7 0 128-57.3 128-128S294.7 0 224 0 96 57.3 96 128s57.3 128 128 128zm95.8 32.6L272 480l-32-136 32-56h-96l32 56-32 136-47.8-191.4C56.9 292 0 350.3 0 422.4V464c0 26.5 21.5 48 48 48h352c26.5 0 48-21.5 48-48v-41.6c0-72.1-56.9-130.4-128.2-133.8z\"><\/path><\/svg><\/div>\n\t\t\t\t\t\t<\/span>\n\t\t<\/div>\n\t\t\t\t\t\t<\/div>\n\t\t\t\t<div class=\"elementor-element elementor-element-7e99957 elementor-widget elementor-widget-text-editor\" data-id=\"7e99957\" data-element_type=\"widget\" data-e-type=\"widget\" data-widget_type=\"text-editor.default\">\n\t\t\t\t\t\t\t\t\t<p>Bi hamarkada baino gehiago daramatzat liderrei hazkunde pertsonal eta profesionalean laguntzen, eta beren taldeak hobeto gidatzen laguntzen, lehenik eta behin aitortutako nazioarteko erakundeetan giza baliabideetako profesional gisa, eta, 2024tik, nire coaching enpresa exekutiboaren sortzaile gisa.<\/p>\t\t\t\t\t\t\t\t<\/div>\n\t\t\t\t<\/div>\n\t\t\t\t\t<\/div>\n\t\t\t\t<\/div>\n\t\t<div class=\"elementor-element elementor-element-c127874 e-flex e-con-boxed e-con e-parent\" data-id=\"c127874\" data-element_type=\"container\" data-e-type=\"container\" data-settings=\"{&quot;background_background&quot;:&quot;classic&quot;}\">\n\t\t\t\t\t<div class=\"e-con-inner\">\n\t\t\t\t<div class=\"elementor-element elementor-element-f957d8f elementor-invisible elementor-widget elementor-widget-heading\" data-id=\"f957d8f\" data-element_type=\"widget\" data-e-type=\"widget\" data-settings=\"{&quot;_animation&quot;:&quot;fadeInDown&quot;}\" data-widget_type=\"heading.default\">\n\t\t\t\t\t<h2 class=\"elementor-heading-title elementor-size-default\">\u00a1Capacitaci\u00f3n que convierte conocimiento en acci\u00f3n y acci\u00f3n en avance!<\/h2>\t\t\t\t<\/div>\n\t\t\t\t<div class=\"elementor-element elementor-element-c31143f elementor-invisible elementor-widget elementor-widget-button\" data-id=\"c31143f\" data-element_type=\"widget\" data-e-type=\"widget\" data-settings=\"{&quot;_animation&quot;:&quot;fadeInDown&quot;}\" data-widget_type=\"button.default\">\n\t\t\t\t\t\t\t\t\t\t<a class=\"elementor-button elementor-button-link elementor-size-sm elementor-animation-float\" href=\"\/eu\/servicios\/\">\n\t\t\t\t\t\t<span class=\"elementor-button-content-wrapper\">\n\t\t\t\t\t\t\t\t\t<span class=\"elementor-button-text\">Zerbitzuak<\/span>\n\t\t\t\t\t<\/span>\n\t\t\t\t\t<\/a>\n\t\t\t\t\t\t\t\t<\/div>\n\t\t\t\t\t<\/div>\n\t\t\t\t<\/div>\n\t\t<div class=\"elementor-element elementor-element-7bfd515 e-flex e-con-boxed e-con e-parent\" data-id=\"7bfd515\" data-element_type=\"container\" data-e-type=\"container\">\n\t\t\t\t\t<div class=\"e-con-inner\">\n\t\t<div class=\"elementor-element elementor-element-4fe6ab7 e-con-full e-flex e-con e-child\" data-id=\"4fe6ab7\" data-element_type=\"container\" data-e-type=\"container\">\n\t\t\t\t<div class=\"elementor-element elementor-element-a622832 eael-dual-header-content-align-left e-transform elementor-widget elementor-widget-eael-dual-color-header\" data-id=\"a622832\" data-element_type=\"widget\" data-e-type=\"widget\" data-settings=\"{&quot;_transform_skewX_effect&quot;:{&quot;unit&quot;:&quot;px&quot;,&quot;size&quot;:&quot;&quot;,&quot;sizes&quot;:[]},&quot;_transform_skewX_effect_tablet&quot;:{&quot;unit&quot;:&quot;deg&quot;,&quot;size&quot;:&quot;&quot;,&quot;sizes&quot;:[]},&quot;_transform_skewX_effect_mobile&quot;:{&quot;unit&quot;:&quot;deg&quot;,&quot;size&quot;:&quot;&quot;,&quot;sizes&quot;:[]},&quot;_transform_skewY_effect&quot;:{&quot;unit&quot;:&quot;px&quot;,&quot;size&quot;:&quot;&quot;,&quot;sizes&quot;:[]},&quot;_transform_skewY_effect_tablet&quot;:{&quot;unit&quot;:&quot;deg&quot;,&quot;size&quot;:&quot;&quot;,&quot;sizes&quot;:[]},&quot;_transform_skewY_effect_mobile&quot;:{&quot;unit&quot;:&quot;deg&quot;,&quot;size&quot;:&quot;&quot;,&quot;sizes&quot;:[]}}\" data-widget_type=\"eael-dual-color-header.default\">\n\t\t\t\t\t\t\t\t<div class=\"eael-dual-header\">\n\t\t\t\t<h1 class=\"title eael-dch-title\"><span class=\"eael-dch-title-text eael-dch-title-lead lead solid-color\">Gure<br><\/span> <span class=\"eael-dch-title-text\">Konpromisoa<\/span><\/h1>\t\t\t<\/div>\n\n\t\t\t\t\t\t<\/div>\n\t\t\t\t<div class=\"elementor-element elementor-element-034f1dd elementor-widget-divider--view-line_icon elementor-view-default elementor-widget-divider--element-align-center elementor-widget elementor-widget-divider\" data-id=\"034f1dd\" data-element_type=\"widget\" data-e-type=\"widget\" data-widget_type=\"divider.default\">\n\t\t\t\t\t\t\t<div class=\"elementor-divider\">\n\t\t\t<span class=\"elementor-divider-separator\">\n\t\t\t\t\t\t\t<div class=\"elementor-icon elementor-divider__element\">\n\t\t\t\t\t<svg aria-hidden=\"true\" class=\"e-font-icon-svg e-fas-user-tie\" viewbox=\"0 0 448 512\" xmlns=\"http:\/\/www.w3.org\/2000\/svg\"><path d=\"M224 256c70.7 0 128-57.3 128-128S294.7 0 224 0 96 57.3 96 128s57.3 128 128 128zm95.8 32.6L272 480l-32-136 32-56h-96l32 56-32 136-47.8-191.4C56.9 292 0 350.3 0 422.4V464c0 26.5 21.5 48 48 48h352c26.5 0 48-21.5 48-48v-41.6c0-72.1-56.9-130.4-128.2-133.8z\"><\/path><\/svg><\/div>\n\t\t\t\t\t\t<\/span>\n\t\t<\/div>\n\t\t\t\t\t\t<\/div>\n\t\t\t\t<div class=\"elementor-element elementor-element-9cd55c7 elementor-widget elementor-widget-text-editor\" data-id=\"9cd55c7\" data-element_type=\"widget\" data-e-type=\"widget\" data-widget_type=\"text-editor.default\">\n\t\t\t\t\t\t\t\t\t<p>Etapa berri honetan, zuzendaritza-trebetasunen prestakuntzan eta giza baliabideen aholkularitzan jartzen dut arreta, egungo lan-ingurunean funtsezkoak diren gaitasunak garatzeko estrategia eraginkorrak emanez.<\/p><p>Nire esperientziak aukera eman dit lidergo on batek taldeetan eta erakunde errendimenduan duen eragin positiboaren lekuko izateko.<\/p>\t\t\t\t\t\t\t\t<\/div>\n\t\t\t\t<\/div>\n\t\t<div class=\"elementor-element elementor-element-4dae27a e-con-full e-flex e-con e-child\" data-id=\"4dae27a\" data-element_type=\"container\" data-e-type=\"container\">\n\t\t\t\t<div class=\"elementor-element elementor-element-ce87b3b elementor-widget elementor-widget-image\" data-id=\"ce87b3b\" data-element_type=\"widget\" data-e-type=\"widget\" data-widget_type=\"image.default\">\n\t\t\t\t\t\t\t\t\t\t\t\t\t\t\t<img decoding=\"async\" width=\"684\" height=\"1024\" src=\"https:\/\/ikerurrutiacoaching.es\/wp-content\/uploads\/2025\/12\/Foto-Home-servicios-Iker-Urrutia-684x1024.jpg\" class=\"attachment-large size-large wp-image-123\" alt=\"\" srcset=\"https:\/\/ikerurrutiacoaching.es\/wp-content\/uploads\/2025\/12\/Foto-Home-servicios-Iker-Urrutia-684x1024.jpg 684w, https:\/\/ikerurrutiacoaching.es\/wp-content\/uploads\/2025\/12\/Foto-Home-servicios-Iker-Urrutia-200x300.jpg 200w, https:\/\/ikerurrutiacoaching.es\/wp-content\/uploads\/2025\/12\/Foto-Home-servicios-Iker-Urrutia-768x1151.jpg 768w, https:\/\/ikerurrutiacoaching.es\/wp-content\/uploads\/2025\/12\/Foto-Home-servicios-Iker-Urrutia-1025x1536.jpg 1025w, https:\/\/ikerurrutiacoaching.es\/wp-content\/uploads\/2025\/12\/Foto-Home-servicios-Iker-Urrutia-1367x2048.jpg 1367w, https:\/\/ikerurrutiacoaching.es\/wp-content\/uploads\/2025\/12\/Foto-Home-servicios-Iker-Urrutia-8x12.jpg 8w, https:\/\/ikerurrutiacoaching.es\/wp-content\/uploads\/2025\/12\/Foto-Home-servicios-Iker-Urrutia-scaled.jpg 1709w\" sizes=\"(max-width: 684px) 100vw, 684px\" \/>\t\t\t\t\t\t\t\t\t\t\t\t\t\t\t<\/div>\n\t\t\t\t<\/div>\n\t\t\t\t\t<\/div>\n\t\t\t\t<\/div>\n\t\t\t\t<\/div>","protected":false},"excerpt":{"rendered":"<p>Iker Urrutia Coaching, formaci\u00f3n y consultor\u00eda de Recursos Humanos Ayudo a los l\u00edderes a crecer y volverse m\u00e1s sabios, m\u00e1s efectivos y con m\u00e1s prop\u00f3sito. Iker Urrutia + 0 a\u00f1os Llevo m\u00e1s de dos d\u00e9cadas acompa\u00f1ando a l\u00edderes en su crecimiento personal y profesional, y ayud\u00e1ndoles a liderar mejor sus equipos, primero como profesional de [&hellip;]<\/p>\n","protected":false},"author":1,"featured_media":0,"parent":0,"menu_order":0,"comment_status":"closed","ping_status":"closed","template":"elementor_canvas","meta":{"footnotes":""},"class_list":["post-2","page","type-page","status-publish","hentry"],"yoast_head":"<!-- This site is optimized with the Yoast SEO plugin v27.3 - https:\/\/yoast.com\/product\/yoast-seo-wordpress\/ -->\n<title>Inicio - Iker Urrutia Coaching<\/title>\n<meta name=\"robots\" content=\"index, follow, max-snippet:-1, max-image-preview:large, max-video-preview:-1\" \/>\n<link rel=\"canonical\" href=\"https:\/\/ikerurrutiacoaching.es\/eu\/\" \/>\n<meta property=\"og:locale\" content=\"en_US\" \/>\n<meta property=\"og:type\" content=\"article\" \/>\n<meta property=\"og:title\" content=\"Inicio - Iker Urrutia Coaching\" \/>\n<meta property=\"og:description\" content=\"Iker Urrutia Coaching, formaci\u00f3n y consultor\u00eda de Recursos Humanos Ayudo a los l\u00edderes a crecer y volverse m\u00e1s sabios, m\u00e1s efectivos y con m\u00e1s prop\u00f3sito. Iker Urrutia + 0 a\u00f1os Llevo m\u00e1s de dos d\u00e9cadas acompa\u00f1ando a l\u00edderes en su crecimiento personal y profesional, y ayud\u00e1ndoles a liderar mejor sus equipos, primero como profesional de [&hellip;]\" \/>\n<meta property=\"og:url\" content=\"https:\/\/ikerurrutiacoaching.es\/eu\/\" \/>\n<meta property=\"og:site_name\" content=\"Iker Urrutia Coaching\" \/>\n<meta property=\"article:modified_time\" content=\"2025-12-26T14:51:59+00:00\" \/>\n<meta property=\"og:image\" content=\"https:\/\/ikerurrutiacoaching.es\/wp-content\/uploads\/2025\/12\/Foto-About-Iker-Urrutia-scaled.jpg\" \/>\n<meta name=\"twitter:card\" content=\"summary_large_image\" \/>\n<meta name=\"twitter:label1\" content=\"Est. reading time\" \/>\n\t<meta name=\"twitter:data1\" content=\"1 minutua\" \/>\n<script type=\"application\/ld+json\" class=\"yoast-schema-graph\">{\"@context\":\"https:\\\/\\\/schema.org\",\"@graph\":[{\"@type\":\"WebPage\",\"@id\":\"https:\\\/\\\/ikerurrutiacoaching.es\\\/\",\"url\":\"https:\\\/\\\/ikerurrutiacoaching.es\\\/\",\"name\":\"Inicio - Iker Urrutia Coaching\",\"isPartOf\":{\"@id\":\"https:\\\/\\\/ikerurrutiacoaching.es\\\/#website\"},\"primaryImageOfPage\":{\"@id\":\"https:\\\/\\\/ikerurrutiacoaching.es\\\/#primaryimage\"},\"image\":{\"@id\":\"https:\\\/\\\/ikerurrutiacoaching.es\\\/#primaryimage\"},\"thumbnailUrl\":\"https:\\\/\\\/ikerurrutiacoaching.es\\\/wp-content\\\/uploads\\\/2025\\\/12\\\/Foto-About-Iker-Urrutia-scaled.jpg\",\"datePublished\":\"2025-12-26T10:35:11+00:00\",\"dateModified\":\"2025-12-26T14:51:59+00:00\",\"breadcrumb\":{\"@id\":\"https:\\\/\\\/ikerurrutiacoaching.es\\\/#breadcrumb\"},\"inLanguage\":\"eu\",\"potentialAction\":[{\"@type\":\"ReadAction\",\"target\":[\"https:\\\/\\\/ikerurrutiacoaching.es\\\/\"]}]},{\"@type\":\"ImageObject\",\"inLanguage\":\"eu\",\"@id\":\"https:\\\/\\\/ikerurrutiacoaching.es\\\/#primaryimage\",\"url\":\"https:\\\/\\\/ikerurrutiacoaching.es\\\/wp-content\\\/uploads\\\/2025\\\/12\\\/Foto-About-Iker-Urrutia-scaled.jpg\",\"contentUrl\":\"https:\\\/\\\/ikerurrutiacoaching.es\\\/wp-content\\\/uploads\\\/2025\\\/12\\\/Foto-About-Iker-Urrutia-scaled.jpg\"},{\"@type\":\"BreadcrumbList\",\"@id\":\"https:\\\/\\\/ikerurrutiacoaching.es\\\/#breadcrumb\",\"itemListElement\":[{\"@type\":\"ListItem\",\"position\":1,\"name\":\"Portada\",\"item\":\"https:\\\/\\\/ikerurrutiacoaching.es\\\/\"},{\"@type\":\"ListItem\",\"position\":2,\"name\":\"Inicio\"}]},{\"@type\":\"WebSite\",\"@id\":\"https:\\\/\\\/ikerurrutiacoaching.es\\\/#website\",\"url\":\"https:\\\/\\\/ikerurrutiacoaching.es\\\/\",\"name\":\"Iker Urrutia Coaching\",\"description\":\"Iker Urrutia Coaching\",\"publisher\":{\"@id\":\"https:\\\/\\\/ikerurrutiacoaching.es\\\/#organization\"},\"potentialAction\":[{\"@type\":\"SearchAction\",\"target\":{\"@type\":\"EntryPoint\",\"urlTemplate\":\"https:\\\/\\\/ikerurrutiacoaching.es\\\/?s={search_term_string}\"},\"query-input\":{\"@type\":\"PropertyValueSpecification\",\"valueRequired\":true,\"valueName\":\"search_term_string\"}}],\"inLanguage\":\"eu\"},{\"@type\":\"Organization\",\"@id\":\"https:\\\/\\\/ikerurrutiacoaching.es\\\/#organization\",\"name\":\"Iker Urrutia Coaching\",\"url\":\"https:\\\/\\\/ikerurrutiacoaching.es\\\/\",\"logo\":{\"@type\":\"ImageObject\",\"inLanguage\":\"eu\",\"@id\":\"https:\\\/\\\/ikerurrutiacoaching.es\\\/#\\\/schema\\\/logo\\\/image\\\/\",\"url\":\"https:\\\/\\\/ikerurrutiacoaching.es\\\/wp-content\\\/uploads\\\/2025\\\/12\\\/logo_web.png\",\"contentUrl\":\"https:\\\/\\\/ikerurrutiacoaching.es\\\/wp-content\\\/uploads\\\/2025\\\/12\\\/logo_web.png\",\"width\":1080,\"height\":560,\"caption\":\"Iker Urrutia Coaching\"},\"image\":{\"@id\":\"https:\\\/\\\/ikerurrutiacoaching.es\\\/#\\\/schema\\\/logo\\\/image\\\/\"}}]}<\/script>\n<!-- \/ Yoast SEO plugin. -->","yoast_head_json":{"title":"Inicio - Iker Urrutia Coaching","robots":{"index":"index","follow":"follow","max-snippet":"max-snippet:-1","max-image-preview":"max-image-preview:large","max-video-preview":"max-video-preview:-1"},"canonical":"https:\/\/ikerurrutiacoaching.es\/eu\/","og_locale":"en_US","og_type":"article","og_title":"Inicio - Iker Urrutia Coaching","og_description":"Iker Urrutia Coaching, formaci\u00f3n y consultor\u00eda de Recursos Humanos Ayudo a los l\u00edderes a crecer y volverse m\u00e1s sabios, m\u00e1s efectivos y con m\u00e1s prop\u00f3sito. Iker Urrutia + 0 a\u00f1os Llevo m\u00e1s de dos d\u00e9cadas acompa\u00f1ando a l\u00edderes en su crecimiento personal y profesional, y ayud\u00e1ndoles a liderar mejor sus equipos, primero como profesional de [&hellip;]","og_url":"https:\/\/ikerurrutiacoaching.es\/eu\/","og_site_name":"Iker Urrutia Coaching","article_modified_time":"2025-12-26T14:51:59+00:00","og_image":[{"url":"https:\/\/ikerurrutiacoaching.es\/wp-content\/uploads\/2025\/12\/Foto-About-Iker-Urrutia-scaled.jpg","type":"","width":"","height":""}],"twitter_card":"summary_large_image","twitter_misc":{"Est. reading time":"1 minutua"},"schema":{"@context":"https:\/\/schema.org","@graph":[{"@type":"WebPage","@id":"https:\/\/ikerurrutiacoaching.es\/","url":"https:\/\/ikerurrutiacoaching.es\/","name":"Inicio - Iker Urrutia Coaching","isPartOf":{"@id":"https:\/\/ikerurrutiacoaching.es\/#website"},"primaryImageOfPage":{"@id":"https:\/\/ikerurrutiacoaching.es\/#primaryimage"},"image":{"@id":"https:\/\/ikerurrutiacoaching.es\/#primaryimage"},"thumbnailUrl":"https:\/\/ikerurrutiacoaching.es\/wp-content\/uploads\/2025\/12\/Foto-About-Iker-Urrutia-scaled.jpg","datePublished":"2025-12-26T10:35:11+00:00","dateModified":"2025-12-26T14:51:59+00:00","breadcrumb":{"@id":"https:\/\/ikerurrutiacoaching.es\/#breadcrumb"},"inLanguage":"eu","potentialAction":[{"@type":"ReadAction","target":["https:\/\/ikerurrutiacoaching.es\/"]}]},{"@type":"ImageObject","inLanguage":"eu","@id":"https:\/\/ikerurrutiacoaching.es\/#primaryimage","url":"https:\/\/ikerurrutiacoaching.es\/wp-content\/uploads\/2025\/12\/Foto-About-Iker-Urrutia-scaled.jpg","contentUrl":"https:\/\/ikerurrutiacoaching.es\/wp-content\/uploads\/2025\/12\/Foto-About-Iker-Urrutia-scaled.jpg"},{"@type":"BreadcrumbList","@id":"https:\/\/ikerurrutiacoaching.es\/#breadcrumb","itemListElement":[{"@type":"ListItem","position":1,"name":"Portada","item":"https:\/\/ikerurrutiacoaching.es\/"},{"@type":"ListItem","position":2,"name":"Inicio"}]},{"@type":"WebSite","@id":"https:\/\/ikerurrutiacoaching.es\/#website","url":"https:\/\/ikerurrutiacoaching.es\/","name":"Iker Urrutia Coaching","description":"Iker Urrutia Coaching","publisher":{"@id":"https:\/\/ikerurrutiacoaching.es\/#organization"},"potentialAction":[{"@type":"SearchAction","target":{"@type":"EntryPoint","urlTemplate":"https:\/\/ikerurrutiacoaching.es\/?s={search_term_string}"},"query-input":{"@type":"PropertyValueSpecification","valueRequired":true,"valueName":"search_term_string"}}],"inLanguage":"eu"},{"@type":"Organization","@id":"https:\/\/ikerurrutiacoaching.es\/#organization","name":"Iker Urrutia Coaching","url":"https:\/\/ikerurrutiacoaching.es\/","logo":{"@type":"ImageObject","inLanguage":"eu","@id":"https:\/\/ikerurrutiacoaching.es\/#\/schema\/logo\/image\/","url":"https:\/\/ikerurrutiacoaching.es\/wp-content\/uploads\/2025\/12\/logo_web.png","contentUrl":"https:\/\/ikerurrutiacoaching.es\/wp-content\/uploads\/2025\/12\/logo_web.png","width":1080,"height":560,"caption":"Iker Urrutia Coaching"},"image":{"@id":"https:\/\/ikerurrutiacoaching.es\/#\/schema\/logo\/image\/"}}]}},"_links":{"self":[{"href":"https:\/\/ikerurrutiacoaching.es\/eu\/wp-json\/wp\/v2\/pages\/2","targetHints":{"allow":["GET"]}}],"collection":[{"href":"https:\/\/ikerurrutiacoaching.es\/eu\/wp-json\/wp\/v2\/pages"}],"about":[{"href":"https:\/\/ikerurrutiacoaching.es\/eu\/wp-json\/wp\/v2\/types\/page"}],"author":[{"embeddable":true,"href":"https:\/\/ikerurrutiacoaching.es\/eu\/wp-json\/wp\/v2\/users\/1"}],"replies":[{"embeddable":true,"href":"https:\/\/ikerurrutiacoaching.es\/eu\/wp-json\/wp\/v2\/comments?post=2"}],"version-history":[{"count":160,"href":"https:\/\/ikerurrutiacoaching.es\/eu\/wp-json\/wp\/v2\/pages\/2\/revisions"}],"predecessor-version":[{"id":338,"href":"https:\/\/ikerurrutiacoaching.es\/eu\/wp-json\/wp\/v2\/pages\/2\/revisions\/338"}],"wp:attachment":[{"href":"https:\/\/ikerurrutiacoaching.es\/eu\/wp-json\/wp\/v2\/media?parent=2"}],"curies":[{"name":"wp","href":"https:\/\/api.w.org\/{rel}","templated":true}]}}